{"id":17,"date":"2025-07-02T11:15:12","date_gmt":"2025-07-02T11:15:12","guid":{"rendered":"https:\/\/xarxa.zeus.umh.es\/?page_id=17"},"modified":"2026-02-20T08:44:01","modified_gmt":"2026-02-20T07:44:01","slug":"inicio","status":"publish","type":"page","link":"https:\/\/catedramodeleconomic.umh.es\/en\/","title":{"rendered":"Inicio"},"content":{"rendered":"<p>[et_pb_section fb_built=&#8221;1&#8243; _builder_version=&#8221;4.17.4&#8243; _module_preset=&#8221;default&#8221; background_image=&#8221;https:\/\/catedramodeleconomic.umh.es\/files\/2025\/11\/Banner-City.png&#8221; height=&#8221;396px&#8221; global_colors_info=&#8221;{}&#8221;][et_pb_row _builder_version=&#8221;4.17.4&#8243; _module_preset=&#8221;default&#8221; custom_padding=&#8221;10%||10%||true|false&#8221; global_colors_info=&#8221;{}&#8221;][et_pb_column type=&#8221;4_4&#8243; _builder_version=&#8221;4.17.4&#8243; _module_preset=&#8221;default&#8221; global_colors_info=&#8221;{}&#8221;][et_pb_text _builder_version=&#8221;4.17.4&#8243; _module_preset=&#8221;default&#8221; text_text_color=&#8221;#FFFFFF&#8221; text_font_size=&#8221;18px&#8221; header_font=&#8221;|600|||||||&#8221; header_text_align=&#8221;center&#8221; header_text_color=&#8221;#FFFFFF&#8221; background_color=&#8221;rgba(0,0,0,0.81)&#8221; custom_padding=&#8221;20px|20px|20px|20px|true|true&#8221; global_colors_info=&#8221;{}&#8221;]<\/p>\n<h1>C\u00c0TEDRA DE TRANSFORMACI\u00d3 DEL MODEL ECON\u00d2MIC<\/h1>\n<p>[\/et_pb_text][\/et_pb_column][\/et_pb_row][\/et_pb_section][et_pb_section fb_built=&#8221;1&#8243; _builder_version=&#8221;4.17.4&#8243; _module_preset=&#8221;default&#8221; background_color=&#8221;#FFFFFF&#8221; global_colors_info=&#8221;{}&#8221;][et_pb_row column_structure=&#8221;1_2,1_2&#8243; _builder_version=&#8221;4.17.4&#8243; _module_preset=&#8221;default&#8221; custom_padding=&#8221;18px||10px|||&#8221; global_colors_info=&#8221;{}&#8221;][et_pb_column type=&#8221;1_2&#8243; _builder_version=&#8221;4.17.4&#8243; _module_preset=&#8221;default&#8221; global_colors_info=&#8221;{}&#8221;][et_pb_text _builder_version=&#8221;4.17.4&#8243; _module_preset=&#8221;default&#8221; header_2_font=&#8221;|700||on|||||&#8221; header_2_font_size=&#8221;30px&#8221; global_colors_info=&#8221;{}&#8221;]<\/p>\n<h2>Presentaci\u00f3n<\/h2>\n<p>[\/et_pb_text][\/et_pb_column][et_pb_column type=&#8221;1_2&#8243; _builder_version=&#8221;4.17.4&#8243; _module_preset=&#8221;default&#8221; global_colors_info=&#8221;{}&#8221;][et_pb_social_media_follow _builder_version=&#8221;4.17.4&#8243; _module_preset=&#8221;default&#8221; text_orientation=&#8221;right&#8221; global_colors_info=&#8221;{}&#8221;][et_pb_social_media_follow_network social_network=&#8221;linkedin&#8221; url=&#8221;https:\/\/www.linkedin.com\/company\/111600124\/admin\/dashboard\/&#8221; _builder_version=&#8221;4.17.4&#8243; _module_preset=&#8221;default&#8221; background_color=&#8221;#007bb6&#8243; global_colors_info=&#8221;{}&#8221; follow_button=&#8221;off&#8221; url_new_window=&#8221;on&#8221;]linkedin[\/et_pb_social_media_follow_network][et_pb_social_media_follow_network social_network=&#8221;youtube&#8221; url=&#8221;https:\/\/www.youtube.com\/playlist?list=PLClKgnzRFYe4rzF3kx9lMvqZgPD7nNb3-&#8221; _builder_version=&#8221;4.17.4&#8243; _module_preset=&#8221;default&#8221; background_color=&#8221;#a82400&#8243; global_colors_info=&#8221;{}&#8221; follow_button=&#8221;off&#8221; url_new_window=&#8221;on&#8221;]youtube[\/et_pb_social_media_follow_network][et_pb_social_media_follow_network social_network=&#8221;spotify&#8221; url=&#8221;https:\/\/open.spotify.com\/show\/4aldKdBdttWeGquKzQIpmb&#8221; _builder_version=&#8221;4.17.4&#8243; _module_preset=&#8221;default&#8221; background_color=&#8221;#1db954&#8243; global_colors_info=&#8221;{}&#8221; follow_button=&#8221;off&#8221; url_new_window=&#8221;on&#8221;]spotify[\/et_pb_social_media_follow_network][\/et_pb_social_media_follow][et_pb_text disabled_on=&#8221;off|off|off&#8221; _builder_version=&#8221;4.17.4&#8243; _module_preset=&#8221;default&#8221; custom_margin=&#8221;-30px||||false|false&#8221; global_colors_info=&#8221;{}&#8221;]<\/p>\n<p style=\"text-align: right\"><a href=\"https:\/\/podcasts.apple.com\/es\/podcast\/c%C3%A1tedra-de-transformaci%C3%B3n-del-modelo-econ%C3%B3mico\/id1876869481\" target=\"_blank\" rel=\"noopener\"><img loading=\"lazy\" class=\"wp-image-1223 alignnone size-medium\" style=\"text-align: right\" src=\"https:\/\/catedramodeleconomic.umh.es\/files\/2026\/02\/Apple_Podcast_Icon_RGB_CI_1205251.png\" alt=\"\" width=\"32\" height=\"32\" \/> \u00a0<\/a><a href=\"https:\/\/go.ivoox.com\/sq\/3110722\" target=\"_blank\" rel=\"noopener\"><img loading=\"lazy\" class=\"wp-image-1223 alignnone size-medium\" src=\"https:\/\/catedramodeleconomic.umh.es\/files\/2026\/02\/iVoox_Isotipo_color-300x300.png\" alt=\"\" width=\"32\" height=\"32\" srcset=\"https:\/\/catedramodeleconomic.umh.es\/files\/2026\/02\/iVoox_Isotipo_color-300x300.png 300w, https:\/\/catedramodeleconomic.umh.es\/files\/2026\/02\/iVoox_Isotipo_color-150x150.png 150w, https:\/\/catedramodeleconomic.umh.es\/files\/2026\/02\/iVoox_Isotipo_color-400x413.png 400w, https:\/\/catedramodeleconomic.umh.es\/files\/2026\/02\/iVoox_Isotipo_color.png 413w\" sizes=\"(max-width: 32px) 100vw, 32px\" \/><\/a><\/p>\n<p>[\/et_pb_text][\/et_pb_column][\/et_pb_row][et_pb_row _builder_version=&#8221;4.17.4&#8243; _module_preset=&#8221;default&#8221; global_colors_info=&#8221;{}&#8221;][et_pb_column type=&#8221;4_4&#8243; _builder_version=&#8221;4.17.4&#8243; _module_preset=&#8221;default&#8221; global_colors_info=&#8221;{}&#8221;][et_pb_text _builder_version=&#8221;4.17.4&#8243; _module_preset=&#8221;default&#8221; text_font=&#8221;||||||||&#8221; text_text_color=&#8221;#000000&#8243; text_font_size=&#8221;16px&#8221; link_font=&#8221;|600|||on||||&#8221; link_text_color=&#8221;#0020f7&#8243; text_orientation=&#8221;justified&#8221; global_colors_info=&#8221;{}&#8221;]<\/p>\n<p>La C\u00e0tedra de Transformaci\u00f3 del Model Econ\u00f2mic de la Universidad Miguel Hern\u00e1ndez (UMH) de Elche tiene entre sus objetivos el estudio, la sensibilizaci\u00f3n, la difusi\u00f3n y el intercambio de conocimientos que fomenten la evoluci\u00f3n del actual modelo econ\u00f3mico de la Comunidad Valenciana hacia uno m\u00e1s competitivo a escala global, fundamentado en el conocimiento, la innovaci\u00f3n y la sostenibilidad econ\u00f3mica, social y ambiental. Estos objetivos se alinean con las propuestas del Plan de Acci\u00f3n para la Transformaci\u00f3n del Modelo Econ\u00f3mico Valenciano 2017-2027.<\/p>\n<p>La apuesta de la C\u00e0tedra presenta un marcado car\u00e1cter transversal, aportando un impulso adicional a la modernizaci\u00f3n de la estructura productiva, al fomento del empleo y la econom\u00eda sostenible mediante el est\u00edmulo de la responsabilidad socioambiental y la mayor integraci\u00f3n en el territorio, y a la promoci\u00f3n de la igualdad e inclusi\u00f3n social. Sus actividades se centran en los \u00e1mbitos de la innovaci\u00f3n social e inclusiva con especial atenci\u00f3n a los sectores industriales m\u00e1s relevantes del entorno de la UMH. M\u00e1s concretamente, en aspectos relacionados con el cambio tecnol\u00f3gico, la relaci\u00f3n de la actividad de las empresas con el entorno ambiental y el impacto de la misma en determinados colectivos.<\/p>\n<p>Esta C\u00e0tedra desarrollar\u00e1 sus actividades en los \u00e1mbitos de la transformaci\u00f3n digital y la mejora de la productividad. Espec\u00edficamente en aspectos relacionados con la eficiencia t\u00e9cnica, econ\u00f3mica y el cambio tecnol\u00f3gico de las empresas y el sector p\u00fablico, adem\u00e1s de la promoci\u00f3n del uso e incorporaci\u00f3n de tecnolog\u00edas basadas en inteligencia artificial (industria 4.0), junto con el impulso de la formaci\u00f3n a diferentes colectivos en competencias digitales y transformadoras.<\/p>\n<p><a href=\"https:\/\/catedramodeleconomic.umh.es\/files\/2025\/09\/ConveniCatedraTME_UMH_2025_CHE_firmado.pdf\" target=\"_blank\" rel=\"noopener\">CONVENIO GENERALITAT VALENCIANA &#8211;\u00a0 UMH<\/a><\/p>\n<p>[\/et_pb_text][et_pb_text disabled_on=&#8221;on|on|on&#8221; _builder_version=&#8221;4.17.4&#8243; _module_preset=&#8221;default&#8221; disabled=&#8221;on&#8221; global_colors_info=&#8221;{}&#8221;]<\/p>\n<p style=\"text-align: justify\"><span style=\"color: #000000;font-size: medium\">Inscripciones\u00a0para la Jornada &#8220;Impacto de la IA en la transformaci\u00f3n del modelo econ\u00f3mico de las empresas de la Comunitat Valenciana&#8221;<\/span><\/p>\n<p style=\"text-align: justify\"><span style=\"color: #000000;font-size: medium\">Las inscripciones deben realizarse a trav\u00e9s de la plataforma\u00a0<strong>Inet2you<\/strong>,\u00a0 a trav\u00e9s de este enlace.<\/span><\/p>\n<p style=\"text-align: justify\"><strong><span style=\"text-decoration: underline\"><span style=\"color: #0000ff;font-size: medium\"><a href=\"https:\/\/eventos.inet2you.es\/eventos\/impacto-de-la-ia-en-la-transformacion-del-modelo-economico-de-las-empresas-de-la-comunitat\" style=\"color: #0000ff;text-decoration: underline\" target=\"_blank\" rel=\"noopener\">INSCRIPCIONES<\/a><\/span><\/span><\/strong><\/p>\n<p style=\"text-align: justify\"><span style=\"color: #000000;font-size: medium\">El proceso es el siguiente:<\/span><\/p>\n<p style=\"text-align: justify\"><span style=\"color: #000000;font-size: medium\"><strong>1. Creaci\u00f3n de perfil:<\/strong><\/span><br \/><span style=\"color: #000000;font-size: medium\">Las personas que a\u00fan no dispongan de usuario en la plataforma deben crear su perfil iniciando sesi\u00f3n con su\u00a0<strong>correo electr\u00f3nico corporativo<\/strong>\u00a0(no es necesario registrarse manualmente).<\/span><\/p>\n<p style=\"text-align: justify\"><span style=\"color: #000000;font-size: medium\"><strong>2. Inscripci\u00f3n en el evento:<\/strong><\/span><br \/><span style=\"color: #000000;font-size: medium\">Una vez dentro, hay que acceder al evento correspondiente y completar un breve formulario con los datos solicitados.<\/span><\/p>\n<p>[\/et_pb_text][\/et_pb_column][\/et_pb_row][et_pb_row _builder_version=&#8221;4.17.4&#8243; _module_preset=&#8221;default&#8221; custom_padding=&#8221;18px||10px|||&#8221; global_colors_info=&#8221;{}&#8221;][et_pb_column type=&#8221;4_4&#8243; _builder_version=&#8221;4.17.4&#8243; _module_preset=&#8221;default&#8221; global_colors_info=&#8221;{}&#8221;][et_pb_image src=&#8221;https:\/\/catedramodeleconomic.umh.es\/files\/2026\/02\/catedratransformacioUMH-VAL-2.png&#8221; title_text=&#8221;catedratransformacioUMH-VAL-2&#8243; _builder_version=&#8221;4.17.4&#8243; _module_preset=&#8221;default&#8221; max_width=&#8221;50%&#8221; module_alignment=&#8221;center&#8221; height=&#8221;58%&#8221; max_height=&#8221;60%&#8221; global_colors_info=&#8221;{}&#8221;][\/et_pb_image][\/et_pb_column][\/et_pb_row][et_pb_row _builder_version=&#8221;4.17.4&#8243; _module_preset=&#8221;default&#8221; global_colors_info=&#8221;{}&#8221;][et_pb_column type=&#8221;4_4&#8243; _builder_version=&#8221;4.17.4&#8243; _module_preset=&#8221;default&#8221; global_colors_info=&#8221;{}&#8221;][et_pb_blog fullwidth=&#8221;off&#8221; posts_number=&#8221;3&#8243; show_author=&#8221;off&#8221; show_categories=&#8221;off&#8221; module_class=&#8221;blog_altura&#8221; _builder_version=&#8221;4.17.4&#8243; _module_preset=&#8221;default&#8221; pagination_text_color=&#8221;#4a4d4f&#8221; border_width_all=&#8221;2px&#8221; border_color_all=&#8221;#a8b0b7&#8243; global_colors_info=&#8221;{}&#8221;][\/et_pb_blog][\/et_pb_column][\/et_pb_row][\/et_pb_section][et_pb_section fb_built=&#8221;1&#8243; disabled_on=&#8221;on|on|on&#8221; _builder_version=&#8221;4.17.4&#8243; _module_preset=&#8221;default&#8221; background_color=&#8221;#51626f&#8221; custom_padding=&#8221;33px|||||&#8221; disabled=&#8221;on&#8221; global_colors_info=&#8221;{}&#8221;][et_pb_row _builder_version=&#8221;4.17.4&#8243; _module_preset=&#8221;default&#8221; global_colors_info=&#8221;{}&#8221;][et_pb_column type=&#8221;4_4&#8243; _builder_version=&#8221;4.17.4&#8243; _module_preset=&#8221;default&#8221; global_colors_info=&#8221;{}&#8221;][et_pb_text _builder_version=&#8221;4.17.4&#8243; _module_preset=&#8221;default&#8221; text_font=&#8221;|600|||||||&#8221; text_text_color=&#8221;#FFFFFF&#8221; text_font_size=&#8221;16px&#8221; global_colors_info=&#8221;{}&#8221;]<\/p>\n<p><span>C\u00c0TEDRA DE TRANSFORMACI\u00d3 DEL MODEL ECON\u00d2MIC<\/span><\/p>\n<p>[\/et_pb_text][\/et_pb_column][\/et_pb_row][\/et_pb_section]<\/p>\n","protected":false},"excerpt":{"rendered":"<p>C\u00c0TEDRA DE TRANSFORMACI\u00d3 DEL MODEL ECON\u00d2MICPresentaci\u00f3nlinkedinyoutubespotify \u00a0La C\u00e0tedra de Transformaci\u00f3 del Model Econ\u00f2mic de la Universidad Miguel Hern\u00e1ndez (UMH) de Elche tiene entre sus objetivos el estudio, la sensibilizaci\u00f3n, la difusi\u00f3n y el intercambio de conocimientos que fomenten la evoluci\u00f3n del actual modelo econ\u00f3mico de la Comunidad Valenciana hacia uno m\u00e1s competitivo a escala global, [&hellip;]<\/p>\n","protected":false},"author":3782,"featured_media":0,"parent":0,"menu_order":0,"comment_status":"closed","ping_status":"closed","template":"","meta":{"_et_pb_use_builder":"on","_et_pb_old_content":"","_et_gb_content_width":"","_links_to":"","_links_to_target":""},"_links":{"self":[{"href":"https:\/\/catedramodeleconomic.umh.es\/en\/wp-json\/wp\/v2\/pages\/17"}],"collection":[{"href":"https:\/\/catedramodeleconomic.umh.es\/en\/wp-json\/wp\/v2\/pages"}],"about":[{"href":"https:\/\/catedramodeleconomic.umh.es\/en\/wp-json\/wp\/v2\/types\/page"}],"author":[{"embeddable":true,"href":"https:\/\/catedramodeleconomic.umh.es\/en\/wp-json\/wp\/v2\/users\/3782"}],"replies":[{"embeddable":true,"href":"https:\/\/catedramodeleconomic.umh.es\/en\/wp-json\/wp\/v2\/comments?post=17"}],"version-history":[{"count":0,"href":"https:\/\/catedramodeleconomic.umh.es\/en\/wp-json\/wp\/v2\/pages\/17\/revisions"}],"wp:attachment":[{"href":"https:\/\/catedramodeleconomic.umh.es\/en\/wp-json\/wp\/v2\/media?parent=17"}],"curies":[{"name":"wp","href":"https:\/\/api.w.org\/{rel}","templated":true}]}}