{"id":811,"date":"2025-11-20T12:48:40","date_gmt":"2025-11-20T11:48:40","guid":{"rendered":"https:\/\/catedramodeleconomic.umh.es\/?page_id=811"},"modified":"2026-02-20T08:36:02","modified_gmt":"2026-02-20T07:36:02","slug":"jornadas-2025","status":"publish","type":"page","link":"https:\/\/catedramodeleconomic.umh.es\/en\/jornadas-2025\/","title":{"rendered":"<span lang=\"es\">(Espa\u00f1ol) Jornadas 2025<\/span>"},"content":{"rendered":"<p>[et_pb_section fb_built=&#8221;1&#8243; disabled_on=&#8221;on|on|on&#8221; _builder_version=&#8221;4.17.4&#8243; _module_preset=&#8221;default&#8221; custom_padding=&#8221;16px||11px|||&#8221; disabled=&#8221;on&#8221; global_colors_info=&#8221;{}&#8221;][et_pb_row _builder_version=&#8221;4.17.4&#8243; _module_preset=&#8221;default&#8221; global_colors_info=&#8221;{}&#8221;][et_pb_column type=&#8221;4_4&#8243; _builder_version=&#8221;4.17.4&#8243; _module_preset=&#8221;default&#8221; global_colors_info=&#8221;{}&#8221;][et_pb_text _builder_version=&#8221;4.17.4&#8243; _module_preset=&#8221;default&#8221; header_font=&#8221;|700|||||||&#8221; header_text_align=&#8221;center&#8221; header_text_color=&#8221;#595959&#8243; header_font_size=&#8221;50px&#8221; global_colors_info=&#8221;{}&#8221;]<\/p>\n<h1>MATERIAL AUDIOVISUAL<\/h1>\n<p>[\/et_pb_text][\/et_pb_column][\/et_pb_row][\/et_pb_section][et_pb_section fb_built=&#8221;1&#8243; fullwidth=&#8221;on&#8221; _builder_version=&#8221;4.17.4&#8243; _module_preset=&#8221;default&#8221; background_color=&#8221;#7bdcb5&#8243; global_colors_info=&#8221;{}&#8221;][et_pb_fullwidth_header title=&#8221;Jornadas y entrevistas&#8221; text_orientation=&#8221;center&#8221; _builder_version=&#8221;4.17.4&#8243; _module_preset=&#8221;default&#8221; title_font=&#8221;|700|||||||&#8221; background_color=&#8221;#51626f&#8221; global_colors_info=&#8221;{}&#8221;][\/et_pb_fullwidth_header][\/et_pb_section][et_pb_section fb_built=&#8221;1&#8243; _builder_version=&#8221;4.17.4&#8243; _module_preset=&#8221;default&#8221; custom_padding=&#8221;21px|||||&#8221; global_colors_info=&#8221;{}&#8221;][et_pb_row disabled_on=&#8221;on|on|on&#8221; _builder_version=&#8221;4.17.4&#8243; _module_preset=&#8221;default&#8221; disabled=&#8221;on&#8221; global_colors_info=&#8221;{}&#8221;][et_pb_column type=&#8221;4_4&#8243; _builder_version=&#8221;4.17.4&#8243; _module_preset=&#8221;default&#8221; global_colors_info=&#8221;{}&#8221;][et_pb_text _builder_version=&#8221;4.17.4&#8243; _module_preset=&#8221;default&#8221; header_font=&#8221;|700|||||||&#8221; header_text_align=&#8221;center&#8221; header_text_color=&#8221;#595959&#8243; header_font_size=&#8221;50px&#8221; header_2_font=&#8221;|700|||||||&#8221; header_2_text_color=&#8221;#000000&#8243; header_2_font_size=&#8221;30px&#8221; text_orientation=&#8221;center&#8221; locked=&#8221;off&#8221; global_colors_info=&#8221;{}&#8221;]<\/p>\n<h2>JORNADAS<\/h2>\n<p>[\/et_pb_text][\/et_pb_column][\/et_pb_row][et_pb_row column_structure=&#8221;1_2,1_2&#8243; _builder_version=&#8221;4.17.4&#8243; _module_preset=&#8221;default&#8221; global_colors_info=&#8221;{}&#8221;][et_pb_column type=&#8221;1_2&#8243; _builder_version=&#8221;4.17.4&#8243; _module_preset=&#8221;default&#8221; global_colors_info=&#8221;{}&#8221;][et_pb_text _builder_version=&#8221;4.17.4&#8243; _module_preset=&#8221;default&#8221; header_font=&#8221;|700|||||||&#8221; header_text_align=&#8221;center&#8221; header_text_color=&#8221;#595959&#8243; header_font_size=&#8221;50px&#8221; header_2_font=&#8221;|700|||||||&#8221; header_2_text_color=&#8221;#800000&#8243; header_2_font_size=&#8221;30px&#8221; locked=&#8221;off&#8221; global_colors_info=&#8221;{}&#8221;]<\/p>\n<h2>2025<\/h2>\n<p>[\/et_pb_text][\/et_pb_column][et_pb_column type=&#8221;1_2&#8243; _builder_version=&#8221;4.17.4&#8243; _module_preset=&#8221;default&#8221; global_colors_info=&#8221;{}&#8221;][et_pb_social_media_follow _builder_version=&#8221;4.17.4&#8243; _module_preset=&#8221;default&#8221; text_orientation=&#8221;right&#8221; hover_enabled=&#8221;0&#8243; global_colors_info=&#8221;{}&#8221; locked=&#8221;off&#8221; sticky_enabled=&#8221;0&#8243;][et_pb_social_media_follow_network social_network=&#8221;linkedin&#8221; url=&#8221;https:\/\/www.linkedin.com\/company\/111600124\/admin\/dashboard\/&#8221; _builder_version=&#8221;4.17.4&#8243; _module_preset=&#8221;default&#8221; background_color=&#8221;#007bb6&#8243; global_colors_info=&#8221;{}&#8221; follow_button=&#8221;off&#8221; url_new_window=&#8221;on&#8221;]linkedin[\/et_pb_social_media_follow_network][et_pb_social_media_follow_network social_network=&#8221;youtube&#8221; url=&#8221;https:\/\/www.youtube.com\/playlist?list=PLClKgnzRFYe4rzF3kx9lMvqZgPD7nNb3-&#8221; _builder_version=&#8221;4.17.4&#8243; _module_preset=&#8221;default&#8221; background_color=&#8221;#a82400&#8243; global_colors_info=&#8221;{}&#8221; follow_button=&#8221;off&#8221; url_new_window=&#8221;on&#8221;]youtube[\/et_pb_social_media_follow_network][et_pb_social_media_follow_network social_network=&#8221;spotify&#8221; url=&#8221;https:\/\/open.spotify.com\/show\/4aldKdBdttWeGquKzQIpmb&#8221; _builder_version=&#8221;4.17.4&#8243; _module_preset=&#8221;default&#8221; background_color=&#8221;#1db954&#8243; global_colors_info=&#8221;{}&#8221; follow_button=&#8221;off&#8221; url_new_window=&#8221;on&#8221;]spotify[\/et_pb_social_media_follow_network][\/et_pb_social_media_follow][et_pb_text disabled_on=&#8221;off|off|off&#8221; _builder_version=&#8221;4.17.4&#8243; _module_preset=&#8221;default&#8221; custom_margin=&#8221;-30px||||false|false&#8221; global_colors_info=&#8221;{}&#8221; locked=&#8221;off&#8221;]<\/p>\n<p style=\"text-align: right\"><a href=\"https:\/\/podcasts.apple.com\/es\/podcast\/c%C3%A1tedra-de-transformaci%C3%B3n-del-modelo-econ%C3%B3mico\/id1876869481\" target=\"_blank\" rel=\"noopener\"><img loading=\"lazy\" class=\"wp-image-1223 alignnone size-medium\" style=\"text-align: right\" src=\"https:\/\/catedramodeleconomic.umh.es\/files\/2026\/02\/Apple_Podcast_Icon_RGB_CI_1205251.png\" alt=\"\" width=\"32\" height=\"32\" \/> \u00a0<\/a><a href=\"https:\/\/go.ivoox.com\/sq\/3110722\" target=\"_blank\" rel=\"noopener\"><img loading=\"lazy\" class=\"wp-image-1223 alignnone size-medium\" src=\"https:\/\/catedramodeleconomic.umh.es\/files\/2026\/02\/iVoox_Isotipo_color-300x300.png\" alt=\"\" width=\"32\" height=\"32\" srcset=\"https:\/\/catedramodeleconomic.umh.es\/files\/2026\/02\/iVoox_Isotipo_color-300x300.png 300w, https:\/\/catedramodeleconomic.umh.es\/files\/2026\/02\/iVoox_Isotipo_color-150x150.png 150w, https:\/\/catedramodeleconomic.umh.es\/files\/2026\/02\/iVoox_Isotipo_color-400x413.png 400w, https:\/\/catedramodeleconomic.umh.es\/files\/2026\/02\/iVoox_Isotipo_color.png 413w\" sizes=\"(max-width: 32px) 100vw, 32px\" \/><\/a><\/p>\n<p>[\/et_pb_text][\/et_pb_column][\/et_pb_row][et_pb_row _builder_version=&#8221;4.17.4&#8243; _module_preset=&#8221;default&#8221; global_colors_info=&#8221;{}&#8221;][et_pb_column type=&#8221;4_4&#8243; _builder_version=&#8221;4.17.4&#8243; _module_preset=&#8221;default&#8221; global_colors_info=&#8221;{}&#8221;][et_pb_text _builder_version=&#8221;4.17.4&#8243; _module_preset=&#8221;default&#8221; header_2_font=&#8221;|600|||||||&#8221; header_2_font_size=&#8221;20px&#8221; global_colors_info=&#8221;{}&#8221;]<\/p>\n<h1><b>Jornada: \u201cImpacto de la IA en la transformaci\u00f3n del modelo econ\u00f3mico de las empresas de la Comunitat Valenciana\u201d<\/b><\/h1>\n<p><img loading=\"lazy\" class=\"alignnone wp-image-1084 size-full\" style=\"margin-left: auto;margin-right: auto\" src=\"https:\/\/catedramodeleconomic.umh.es\/files\/2025\/11\/Memoria-de-actuacio\u0301n-2025-pdf-Google-Drive-11-27-2025_01_33_PM.png\" alt=\"\" width=\"532\" height=\"304\" srcset=\"https:\/\/catedramodeleconomic.umh.es\/files\/2025\/11\/Memoria-de-actuacio\u0301n-2025-pdf-Google-Drive-11-27-2025_01_33_PM.png 532w, https:\/\/catedramodeleconomic.umh.es\/files\/2025\/11\/Memoria-de-actuacio\u0301n-2025-pdf-Google-Drive-11-27-2025_01_33_PM-300x171.png 300w, https:\/\/catedramodeleconomic.umh.es\/files\/2025\/11\/Memoria-de-actuacio\u0301n-2025-pdf-Google-Drive-11-27-2025_01_33_PM-480x274.png 480w\" sizes=\"(max-width: 532px) 100vw, 532px\" \/><br \/><b>IA para el Sector Productivo, un Objetivo Clave<\/b><\/p>\n<p><span style=\"font-weight: 400\">La C\u00c1TEDRA DE TRANSFORMACI\u00d3N DEL MODELO ECON\u00d3MICO 2025, organiza esta jornada con el objetivo principal de <\/span><b>presentar a las empresas el potencial real de la Inteligencia Artificial<\/b><span style=\"font-weight: 400\">, trabajando para desmitificar conceptos err\u00f3neos y mostrando <\/span><b>casos de uso concretos y relevantes<\/b><span style=\"font-weight: 400\"> en diversos sectores. Esta jornada se enmarca dentro del plan de acci\u00f3n de la Conselleria de Hacienda y Econom\u00eda de la GVA para la Transformaci\u00f3n del Modelo Econ\u00f3mico Valenciano 2017-2027, y, con ella, se espera que las empresas participantes puedan:<\/span><\/p>\n<ul>\n<li style=\"list-style-type: none\">\n<ul>\n<li style=\"font-weight: 400\"><span style=\"font-weight: 400\">Identificar oportunidades espec\u00edficas para integrar la IA en sus propios procesos, productos o servicios.<\/span><\/li>\n<li style=\"font-weight: 400\"><span style=\"font-weight: 400\">Abrir nuevas v\u00edas de crecimiento, eficiencia y diferenciaci\u00f3n.<\/span><\/li>\n<li style=\"font-weight: 400\"><span style=\"font-weight: 400\">Inspirarse con la experiencia de expertos y empresas que ya implementan la IA con \u00e9xito, proporcionando ejemplos pr\u00e1cticos y demostrando el <\/span><b>retorno de la inversi\u00f3n<\/b><span style=\"font-weight: 400\">.<\/span><\/li>\n<\/ul>\n<\/li>\n<\/ul>\n<p><span style=\"font-weight: 400\">Las jornadas se configurar\u00e1n como un <\/span><b>foro de <\/b><b><i>networking<\/i><\/b><span style=\"font-weight: 400\"> esencial para conectar empresas, proveedores de tecnolog\u00eda e investigadores, facilitando la colaboraci\u00f3n y la innovaci\u00f3n en la implementaci\u00f3n de tecnolog\u00edas disruptivas.<\/span><\/p>\n<p><i><span style=\"font-weight: 400\">*La maestra de ceremonias ser\u00e1 <\/span><\/i><a href=\"https:\/\/www.linkedin.com\/in\/gemmamateosvera\/\"><b><i>Gemma Mateos Vera<\/i><\/b><\/a><i><span style=\"font-weight: 400\">, CEO de <\/span><\/i><a href=\"https:\/\/creativilab.es\/creativilab\"><i><span style=\"font-weight: 400\">Creativilab<\/span><\/i><\/a><i><span style=\"font-weight: 400\"> Comunicaci\u00f3n y Marketing Creativo<\/span><\/i><\/p>\n<p><span style=\"font-weight: 400\">\u00a0<\/span><\/p>\n<h2><b>Programa<\/b><span style=\"font-weight: 400\">:<\/span><\/h2>\n<p><b>09:00-09:15h. Bienvenida e introducci\u00f3n. <\/b><i><span style=\"font-weight: 400\">A cargo de representantes institucionales.<br \/><\/span><\/i><i><\/i><b>09:15-10:00h. Ponencia. &#8220;Comprender la Inteligencia Artificial: fundamentos, presente y futuro de una tecnolog\u00eda transformadora&#8221;.\u00a0 <\/b><i><span style=\"font-weight: 400\">A cargo de <\/span><\/i><a href=\"https:\/\/www.linkedin.com\/in\/magdateruel\/?originalSubdomain=es\"><i><span style=\"font-weight: 400\">Magda Teruel Llorente<\/span><\/i><\/a><i><span style=\"font-weight: 400\"> ingeniera inform\u00e1tica, especialista en <\/span><\/i><a href=\"https:\/\/www.microsoft.com\/es-es\"><i><span style=\"font-weight: 400\">Microsoft <\/span><\/i><\/a><i><span style=\"font-weight: 400\">y experta en Inteligencia Artificial generativa.\u00a0<\/span><\/i><span style=\"font-weight: 400\"><a href=\"https:\/\/catedramodeleconomic.umh.es\/files\/2025\/11\/Impacto-economico-IA-CV-Magda.pdf\" target=\"_blank\" rel=\"noopener\"><strong><span style=\"color: #ff0000\">MATERIAL DE DESCARGA<\/span><\/strong><\/a><\/span><\/p>\n<ul>\n<li style=\"list-style-type: none\">\n<ul>\n<li style=\"font-weight: 400\"><span style=\"font-weight: 400\">Se realizar\u00e1 una introducci\u00f3n clara, rigurosa y divulgativa sobre los fundamentos, capacidades y limitaciones actuales de la Inteligencia Artificial. La ponente ofrecer\u00e1 una visi\u00f3n accesible y t\u00e9cnica sobre los principales conceptos detr\u00e1s de la IA generativa, el aprendizaje autom\u00e1tico y las nuevas herramientas que est\u00e1n revolucionando los entornos empresariales y productivos.<\/span><\/li>\n<\/ul>\n<\/li>\n<\/ul>\n<p><b>10:00-10:45h. Mesa redonda. &#8220;La Inteligencia Artificial como aliada estrat\u00e9gica para la competitividad empresarial&#8221;.<\/b><\/p>\n<ul>\n<li style=\"list-style-type: none\">\n<ul>\n<li style=\"font-weight: 400\"><span style=\"font-weight: 400\">Expertos del \u00e1mbito tecnol\u00f3gico, acad\u00e9mico e industrial debatir\u00e1n sobre c\u00f3mo la IA puede generar valor, optimizar procesos y fortalecer la posici\u00f3n competitiva de las empresas valencianas.<\/span><\/li>\n<\/ul>\n<\/li>\n<\/ul>\n<p><span style=\"font-weight: 400\">Modera:<\/span><span style=\"font-weight: 400\"><br \/><\/span><span style=\"font-weight: 400\">\u00a0 \u00a0 &#8211; <\/span><b>Gemma Mateos Vera<\/b><span style=\"font-weight: 400\">. <\/span><i><span style=\"font-weight: 400\">Periodista y CEO de Creativilab Comunicaci\u00f3n y Marketing Creativo.<br \/><\/span><\/i><i><\/i><span style=\"font-weight: 400\">Participa:<\/span><span style=\"font-weight: 400\"><br \/><\/span><span style=\"font-weight: 400\">\u00a0 \u00a0 &#8211; <\/span><b>Magda Teruel Llorente<\/b><i><span style=\"font-weight: 400\">,<\/span><\/i> <i><span style=\"font-weight: 400\">ingeniera inform\u00e1tica, especialista en Microsoft y experta en IA generativa<\/span><\/i><span style=\"font-weight: 400\">.<\/span><span style=\"font-weight: 400\"><br \/><\/span><span style=\"font-weight: 400\">\u00a0 \u00a0 &#8211; <\/span><a href=\"https:\/\/www.linkedin.com\/in\/antoniofalco\/\"><b>Antonio Falc\u00f3 Montesinos<\/b><\/a><i><span style=\"font-weight: 400\">,<\/span><\/i> <i><span style=\"font-weight: 400\">cofundador de QUANTUM TECH y catedr\u00e1tico de Matem\u00e1tica Aplicada en la <\/span><\/i><a href=\"https:\/\/www.uchceu.es\/directorio\/afalco\"><i><span style=\"font-weight: 400\">Universidad CEU Cardenal Herrera<\/span><\/i><\/a><i><span style=\"font-weight: 400\">.<\/span><\/i><i><span style=\"font-weight: 400\"><br \/><\/span><\/i><span style=\"font-weight: 400\">\u00a0 \u00a0 &#8211; <\/span><b>Pascual Mart\u00ednez Ib\u00e1\u00f1ez<\/b><i><span style=\"font-weight: 400\">,<\/span><\/i> <i><span style=\"font-weight: 400\">CEO y fundador de <\/span><\/i><a href=\"https:\/\/desinope.com\/\"><i><span style=\"font-weight: 400\">DESINOPE<\/span><\/i><\/a><span style=\"font-weight: 400\">.<\/span><\/p>\n<p><iframe loading=\"lazy\" title=\"Jornada: \u201cImpacto de la IA en la transformaci\u00f3n del modelo econ\u00f3mico&quot; 1\u00aa parte\" width=\"1080\" height=\"608\" src=\"https:\/\/www.youtube.com\/embed\/PqDOcmUiJgQ?feature=oembed\"  allow=\"accelerometer; autoplay; clipboard-write; encrypted-media; gyroscope; picture-in-picture; web-share\" referrerpolicy=\"strict-origin-when-cross-origin\" allowfullscreen><\/iframe><\/p>\n<p><b>10:45-11:15h. Pausa-<\/b><b><i>networking <\/i><\/b><b>caf\u00e9<br \/><\/b><b><\/b><b>11:15-12:00h. Ponencia. &#8220;C\u00f3mo aplicar la Inteligencia Artificial: del concepto a la implementaci\u00f3n real en la empresa&#8221;. <\/b><i><span style=\"font-weight: 400\">A cargo de <\/span><\/i><a href=\"https:\/\/www.linkedin.com\/in\/inakitovar\/?originalSubdomain=es\"><i><span style=\"font-weight: 400\">I\u00f1aki Tovar<\/span><\/i><\/a><i><span style=\"font-weight: 400\">, CEO de <\/span><\/i><a href=\"https:\/\/www.webpositeracademy.com\/?utm_source=google&amp;utm_medium=cpc&amp;utm_campaign=marca&amp;gad_source=1&amp;gad_campaignid=23081739753&amp;gbraid=0AAAAAoodi7Kz5uknGKq5n1RORvCpuTdnc&amp;gclid=CjwKCAjwr8LHBhBKEiwAy47uUtV9iW7a2MByFIkICwqlFxcGoTKHFarc28eW8YcCvd-Hysapf8z6_BoCYYAQAvD_BwE\"><i><span style=\"font-weight: 400\">Webpositer Academy<\/span><\/i><\/a><i><span style=\"font-weight: 400\"> y experto en marketing digital, anal\u00edtica avanzada y transformaci\u00f3n empresarial mediante Inteligencia Artificial. <\/span><\/i><span style=\"font-weight: 400\"><a href=\"https:\/\/catedramodeleconomic.umh.es\/files\/2025\/11\/CHARLA-IA-UMH-In\u0303aki.pdf\" target=\"_blank\" rel=\"noopener\"><strong><span style=\"color: #ff0000\">MATERIAL DE DESCARGA<\/span><\/strong><\/a><\/span><\/p>\n<ul>\n<li style=\"list-style-type: none\">\n<ul>\n<li style=\"font-weight: 400\"><i><span style=\"font-weight: 400\">Tovar impartir\u00e1 una charla inspiradora y pr\u00e1ctica que mostrar\u00e1 c\u00f3mo pasar del concepto a la acci\u00f3n: qu\u00e9 pasos deben dar las empresas para incorporar soluciones de Inteligencia Artificial en sus operaciones, marketing o toma de decisiones. Adem\u00e1s, presentar\u00e1 metodolog\u00edas, herramientas y ejemplos reales de aplicaci\u00f3n efectiva.<\/span><\/i><\/li>\n<\/ul>\n<\/li>\n<\/ul>\n<p><i><span style=\"font-weight: 400\"><br \/><\/span><\/i><b>12:00-13:00h. Casos de \u00e9xito: \u201cC\u00f3mo se aplic\u00f3 la IA y qu\u00e9 resultados se obtuvieron\u201d.<\/b><\/p>\n<ul>\n<li style=\"list-style-type: none\">\n<ul>\n<li style=\"font-weight: 400\"><span style=\"font-weight: 400\">Esta mesa redonda se centrar\u00e1 en experiencias reales de implantaci\u00f3n de Inteligencia Artificial en empresas de diferentes sectores. Cada participante expondr\u00e1 brevemente su caso, destacando el proceso de adopci\u00f3n, los retos encontrados y los resultados obtenidos en t\u00e9rminos de productividad, innovaci\u00f3n y competitividad.<\/span><\/li>\n<\/ul>\n<\/li>\n<\/ul>\n<p style=\"text-align: left\"><span style=\"font-weight: 400\">Modera:<\/span><span style=\"font-weight: 400\"><br \/><\/span><span style=\"font-weight: 400\">\u00a0 \u00a0 &#8211; <\/span><b>Gemma Mateos Vera<\/b><i><span style=\"font-weight: 400\">, periodista y CEO de Creativilab Comunicaci\u00f3n y Marketing Creativo<\/span><\/i><span style=\"font-weight: 400\">.<br \/><\/span><span style=\"font-weight: 400\">Participa:<\/span><span style=\"font-weight: 400\"><br \/><\/span><span style=\"font-weight: 400\">\u00a0 \u00a0 &#8211; <\/span><b>M\u00f3nica Darboness, <\/b><a href=\"https:\/\/retexcycle.com\/\"><b>Retexcycle<\/b><\/a><span style=\"font-weight: 400\">. <\/span><i><span style=\"font-weight: 400\">Expondr\u00e1 su experiencia en la aplicaci\u00f3n de herramientas de IA para la generaci\u00f3n de entornos de imagen y colecciones, y en su modelo de trazabilidad de producto.<\/span><\/i><i><span style=\"font-weight: 400\"><br \/><\/span><\/i><span style=\"font-weight: 400\">\u00a0 \u00a0 &#8211; <\/span><a href=\"https:\/\/www.linkedin.com\/in\/javier-o%C3%B1ate-dom%C3%ADnguez-819745a3\/?originalSubdomain=es\"><b>Javier O\u00f1ate<\/b><\/a><i><span style=\"font-weight: 400\">, director del <\/span><\/i><a href=\"https:\/\/www.novex.tech\/\"><i><span style=\"font-weight: 400\">Centro Tecnol\u00f3gico NOVEX-CTCR<\/span><\/i><\/a><i><span style=\"font-weight: 400\"> y secretario de la Asociaci\u00f3n de Industriales del Calzado y Conexas de La Rioja (<\/span><\/i><a href=\"https:\/\/sie.fer.es\/esp\/Asociaciones\/Industria\/Industria_Calzado_AICCOR\/dir_2210.htm\"><i><span style=\"font-weight: 400\">AICCOR<\/span><\/i><\/a><i><span style=\"font-weight: 400\">). Ofrecer\u00e1 su experiencia compartida con AICCOR para el desarrollo de una IA sectorial, con especial impacto en el an\u00e1lisis del mercado internacional.<\/span><\/i><i><span style=\"font-weight: 400\"><br \/><\/span><\/i><span style=\"font-weight: 400\">\u00a0 \u00a0 &#8211; <\/span><a href=\"https:\/\/www.linkedin.com\/in\/leoncio-gim%C3%A9nez-ant%C3%B3n-7a0270158\/?originalSubdomain=es\"><b>Leoncio Gim\u00e9nez<\/b><\/a><span style=\"font-weight: 400\">,<\/span> <i><span style=\"font-weight: 400\">CEO de <\/span><\/i><a href=\"https:\/\/desireeshoes.com\/\"><i><span style=\"font-weight: 400\">DESIREE Shoes Total Flex<\/span><\/i><\/a><i><span style=\"font-weight: 400\">. Presentar\u00e1 su experiencia en el \u00e1mbito del dise\u00f1o mediante IA.<\/span><\/i><i><span style=\"font-weight: 400\"><br \/><\/span><\/i><span style=\"font-weight: 400\">\u00a0 \u00a0 &#8211;<\/span> <a href=\"https:\/\/www.linkedin.com\/in\/joseolcinarocamora\/?originalSubdomain=es\"><b>Jos\u00e9 Olcina<\/b><\/a><span style=\"font-weight: 400\">,<\/span> <i><span style=\"font-weight: 400\">CEO y fundador de <\/span><\/i><a href=\"https:\/\/infortic.es\/\"><i><span style=\"font-weight: 400\">Infortic<\/span><\/i><\/a><i><span style=\"font-weight: 400\">. Presentar\u00e1 desde el punto de vista de los desarrolladores c\u00f3mo se van incorporando herramientas de IA a los sistemas de gesti\u00f3n tradicionales.<\/span><\/i><\/p>\n<p><iframe loading=\"lazy\" title=\"Jornada: \u201cImpacto de la IA en la transformaci\u00f3n del modelo econ\u00f3mico&quot; 2\u00aa parte\" width=\"1080\" height=\"608\" src=\"https:\/\/www.youtube.com\/embed\/KxKCL-8Q9Bc?feature=oembed\"  allow=\"accelerometer; autoplay; clipboard-write; encrypted-media; gyroscope; picture-in-picture; web-share\" referrerpolicy=\"strict-origin-when-cross-origin\" allowfullscreen><\/iframe><\/p>\n<p>[\/et_pb_text][\/et_pb_column][\/et_pb_row][\/et_pb_section]<\/p>\n","protected":false},"excerpt":{"rendered":"<p>MATERIAL AUDIOVISUALJORNADAS2025linkedinyoutubespotify \u00a0Jornada: \u201cImpacto de la IA en la transformaci\u00f3n del modelo econ\u00f3mico de las empresas de la Comunitat Valenciana\u201d IA para el Sector Productivo, un Objetivo Clave La C\u00c1TEDRA DE TRANSFORMACI\u00d3N DEL MODELO ECON\u00d3MICO 2025, organiza esta jornada con el objetivo principal de presentar a las empresas el potencial real de la Inteligencia Artificial, [&hellip;]<\/p>\n","protected":false},"author":3782,"featured_media":0,"parent":0,"menu_order":0,"comment_status":"closed","ping_status":"closed","template":"","meta":{"_et_pb_use_builder":"on","_et_pb_old_content":"","_et_gb_content_width":"","_links_to":"","_links_to_target":""},"_links":{"self":[{"href":"https:\/\/catedramodeleconomic.umh.es\/en\/wp-json\/wp\/v2\/pages\/811"}],"collection":[{"href":"https:\/\/catedramodeleconomic.umh.es\/en\/wp-json\/wp\/v2\/pages"}],"about":[{"href":"https:\/\/catedramodeleconomic.umh.es\/en\/wp-json\/wp\/v2\/types\/page"}],"author":[{"embeddable":true,"href":"https:\/\/catedramodeleconomic.umh.es\/en\/wp-json\/wp\/v2\/users\/3782"}],"replies":[{"embeddable":true,"href":"https:\/\/catedramodeleconomic.umh.es\/en\/wp-json\/wp\/v2\/comments?post=811"}],"version-history":[{"count":0,"href":"https:\/\/catedramodeleconomic.umh.es\/en\/wp-json\/wp\/v2\/pages\/811\/revisions"}],"wp:attachment":[{"href":"https:\/\/catedramodeleconomic.umh.es\/en\/wp-json\/wp\/v2\/media?parent=811"}],"curies":[{"name":"wp","href":"https:\/\/api.w.org\/{rel}","templated":true}]}}